{"id":1037,"date":"2025-09-01T16:47:28","date_gmt":"2025-09-01T07:47:28","guid":{"rendered":"https:\/\/wp.hozumi-kato.co.jp\/?page_id=1037"},"modified":"2025-12-25T14:16:48","modified_gmt":"2025-12-25T05:16:48","slug":"%e4%b8%ad%e9%80%94%e3%82%a8%e3%83%b3%e3%83%88%e3%83%aa%e3%83%bc%e3%83%95%e3%82%a9%e3%83%bc%e3%83%a0","status":"publish","type":"page","link":"https:\/\/www.hozumi-kato.co.jp\/?page_id=1037","title":{"rendered":"\u4e2d\u9014\u30a8\u30f3\u30c8\u30ea\u30fc\u30d5\u30a9\u30fc\u30e0"},"content":{"rendered":"\n<div class=\"wp-block-contact-form-7-contact-form-selector\">\n<div class=\"wpcf7 no-js\" id=\"wpcf7-f1034-o1\" lang=\"ja\" dir=\"ltr\" data-wpcf7-id=\"1034\">\n<div class=\"screen-reader-response\"><p role=\"status\" aria-live=\"polite\" aria-atomic=\"true\"><\/p> <ul><\/ul><\/div>\n<form action=\"\/index.php?rest_route=%2Fwp%2Fv2%2Fpages%2F1037#wpcf7-f1034-o1\" method=\"post\" class=\"wpcf7-form init\" aria-label=\"\u30b3\u30f3\u30bf\u30af\u30c8\u30d5\u30a9\u30fc\u30e0\" novalidate=\"novalidate\" data-status=\"init\">\n<fieldset class=\"hidden-fields-container\"><input type=\"hidden\" name=\"_wpcf7\" value=\"1034\" \/><input type=\"hidden\" name=\"_wpcf7_version\" value=\"6.1.5\" \/><input type=\"hidden\" name=\"_wpcf7_locale\" value=\"ja\" \/><input type=\"hidden\" name=\"_wpcf7_unit_tag\" value=\"wpcf7-f1034-o1\" \/><input type=\"hidden\" name=\"_wpcf7_container_post\" value=\"0\" \/><input type=\"hidden\" name=\"_wpcf7_posted_data_hash\" value=\"\" \/>\n<\/fieldset>\n<table class=\"CF7_table\">\n\t<tr>\n\t\t<th>\n\t\t\t<p><span class=\"CF7_req\">\u5fc5\u9808<\/span> \u540d\u524d\n\t\t\t<\/p>\n\t\t<\/th>\n\t\t<td>\n\t\t\t<p><span class=\"wpcf7-form-control-wrap\" data-name=\"your-name\"><input size=\"40\" maxlength=\"400\" class=\"wpcf7-form-control wpcf7-text wpcf7-validates-as-required\" aria-required=\"true\" aria-invalid=\"false\" placeholder=\"\u4f8b\uff1a\u5c71\u7530\u3000\u82b1\u5b50\" value=\"\" type=\"text\" name=\"your-name\" \/><\/span>\n\t\t\t<\/p>\n\t\t<\/td>\n\t<\/tr>\n\t<tr>\n\t\t<th>\n\t\t\t<p><span class=\"CF7_req\">\u5fc5\u9808<\/span> \u3075\u308a\u304c\u306a\n\t\t\t<\/p>\n\t\t<\/th>\n\t\t<td>\n\t\t\t<p><span class=\"wpcf7-form-control-wrap\" data-name=\"name-kana\"><input size=\"40\" maxlength=\"400\" class=\"wpcf7-form-control wpcf7-text wpcf7-validates-as-required\" aria-required=\"true\" aria-invalid=\"false\" placeholder=\"\u4f8b\uff1a\u3084\u307e\u3060\u3000\u306f\u306a\u3053\" value=\"\" type=\"text\" name=\"name-kana\" \/><\/span>\n\t\t\t<\/p>\n\t\t<\/td>\n\t<\/tr>\n\t<tr>\n\t\t<th>\n\t\t\t<p><span class=\"CF7_req\">\u5fc5\u9808<\/span> \u751f\u5e74\u6708\u65e5\n\t\t\t<\/p>\n\t\t<\/th>\n\t\t<td>\n\t\t\t<p><span class=\"wpcf7-form-control-wrap\" data-name=\"birth\"><input size=\"40\" maxlength=\"400\" class=\"wpcf7-form-control wpcf7-text wpcf7-validates-as-required\" aria-required=\"true\" aria-invalid=\"false\" placeholder=\"\u4f8b\uff1aYYYY\u5e74MM\u6708DD\u65e5\" value=\"\" type=\"text\" name=\"birth\" \/><\/span>\n\t\t\t<\/p>\n\t\t<\/td>\n\t<\/tr>\n\t<tr>\n\t\t<th>\n\t\t\t<p><span class=\"CF7_req\">\u5fc5\u9808<\/span> \u6027\u5225\n\t\t\t<\/p>\n\t\t<\/th>\n\t\t<td>\n\t\t\t<p><span class=\"wpcf7-form-control-wrap\" data-name=\"gender\"><span class=\"wpcf7-form-control wpcf7-checkbox wpcf7-validates-as-required\"><span class=\"wpcf7-list-item first\"><input type=\"checkbox\" name=\"gender[]\" value=\"\u7537\u6027\" \/><span class=\"wpcf7-list-item-label\">\u7537\u6027<\/span><\/span><span class=\"wpcf7-list-item last\"><input type=\"checkbox\" name=\"gender[]\" value=\"\u5973\u6027\" \/><span class=\"wpcf7-list-item-label\">\u5973\u6027<\/span><\/span><\/span><\/span>\n\t\t\t<\/p>\n\t\t<\/td>\n\t<\/tr>\n\t<tr>\n\t\t<th>\n\t\t\t<p><span class=\"CF7_req\">\u5fc5\u9808<\/span> E-mail\n\t\t\t<\/p>\n\t\t<\/th>\n\t\t<td>\n\t\t\t<p><span class=\"wpcf7-form-control-wrap\" data-name=\"email\"><input size=\"40\" maxlength=\"400\" class=\"wpcf7-form-control wpcf7-email wpcf7-validates-as-required wpcf7-text wpcf7-validates-as-email\" aria-required=\"true\" aria-invalid=\"false\" placeholder=\"\u4f8b\uff1a\u00d7\u00d7\u00d7@\u00d7\u00d7\u00d7.com\" value=\"\" type=\"email\" name=\"email\" \/><\/span>\n\t\t\t<\/p>\n\t\t<\/td>\n\t<\/tr>\n\t<tr>\n\t\t<th>\n\t\t\t<p><span class=\"CF7_req\">\u5fc5\u9808<\/span> E-mail(\u78ba\u8a8d\u7528)\n\t\t\t<\/p>\n\t\t<\/th>\n\t\t<td>\n\t\t\t<p><span class=\"wpcf7-form-control-wrap\" data-name=\"email_confirm\"><input size=\"40\" maxlength=\"400\" class=\"wpcf7-form-control wpcf7-email wpcf7-validates-as-required wpcf7-text wpcf7-validates-as-email\" aria-required=\"true\" aria-invalid=\"false\" placeholder=\"\u4f8b\uff1a\u00d7\u00d7\u00d7@\u00d7\u00d7\u00d7.com\" value=\"\" type=\"email\" name=\"email_confirm\" \/><\/span>\n\t\t\t<\/p>\n\t\t<\/td>\n\t<\/tr>\n\t<tr>\n\t\t<th>\n\t\t\t<p><span class=\"CF7_req\">\u5fc5\u9808<\/span>\u90f5\u4fbf\u756a\u53f7\n\t\t\t<\/p>\n\t\t<\/th>\n\t\t<td>\n\t\t\t<p><span class=\"wpcf7-form-control-wrap\" data-name=\"postal_code\"><input size=\"40\" maxlength=\"400\" class=\"wpcf7-form-control wpcf7-text wpcf7-validates-as-required\" aria-required=\"true\" aria-invalid=\"false\" placeholder=\"\u4f8b\uff1a501-0418\" value=\"\" type=\"text\" name=\"postal_code\" \/><\/span>\n\t\t\t<\/p>\n\t\t<\/td>\n\t<\/tr>\n\t<tr>\n\t\t<th>\n\t\t\t<p><span class=\"CF7_req\">\u5fc5\u9808<\/span> \u4f4f\u6240\n\t\t\t<\/p>\n\t\t<\/th>\n\t\t<td>\n\t\t\t<p><span class=\"wpcf7-form-control-wrap\" data-name=\"address\"><input size=\"40\" maxlength=\"400\" class=\"wpcf7-form-control wpcf7-text wpcf7-validates-as-required\" aria-required=\"true\" aria-invalid=\"false\" placeholder=\"\u4f8b\uff1a\u5c90\u961c\u770c\u672c\u5de3\u5e02\u4e03\u4e94\u4e09\u5b57\u5824\u59161307-1\" value=\"\" type=\"text\" name=\"address\" \/><\/span>\n\t\t\t<\/p>\n\t\t<\/td>\n\t<\/tr>\n\t<tr>\n\t\t<th>\n\t\t\t<p><span class=\"CF7_req\">\u5fc5\u9808<\/span>\u96fb\u8a71\u756a\u53f7\n\t\t\t<\/p>\n\t\t<\/th>\n\t\t<td>\n\t\t\t<p><span class=\"wpcf7-form-control-wrap\" data-name=\"tel\"><input size=\"40\" maxlength=\"400\" class=\"wpcf7-form-control wpcf7-text wpcf7-validates-as-required\" aria-required=\"true\" aria-invalid=\"false\" placeholder=\"\u4f8b\uff1a058-374-9001\" value=\"\" type=\"text\" name=\"tel\" \/><\/span>\n\t\t\t<\/p>\n\t\t<\/td>\n\t<\/tr>\n\t<tr>\n\t\t<th>\n\t\t\t<p><span class=\"CF7_unreq\">\u4efb\u610f<\/span>\u643a\u5e2f\u756a\u53f7\n\t\t\t<\/p>\n\t\t<\/th>\n\t\t<td>\n\t\t\t<p><span class=\"wpcf7-form-control-wrap\" data-name=\"mobile\"><input size=\"40\" maxlength=\"400\" class=\"wpcf7-form-control wpcf7-text wpcf7-validates-as-required\" aria-required=\"true\" aria-invalid=\"false\" placeholder=\"\u4f8b\uff1a058-374-9001\" value=\"\" type=\"text\" name=\"mobile\" \/><\/span>\n\t\t\t<\/p>\n\t\t<\/td>\n\t<\/tr>\n\t<tr>\n\t\t<td colspan=\"2\" style=\"font-weight: bold; font-size: 16px; color: #fff; background-color: #02572C;\">\n\t\t\t<p><strong>\u6700\u7d42\u5b66\u6b74<\/strong>\n\t\t\t<\/p>\n\t\t<\/td>\n\t<\/tr>\n\t<tr>\n\t\t<th>\n\t\t\t<p><span class=\"CF7_req\">\u5fc5\u9808<\/span> \u5b66\u6821\u7a2e\u5225\u9078\u629e\n\t\t\t<\/p>\n\t\t<\/th>\n\t\t<td>\n\t\t\t<p><span class=\"wpcf7-form-control-wrap\" data-name=\"education\"><select class=\"wpcf7-form-control wpcf7-select wpcf7-validates-as-required\" aria-required=\"true\" aria-invalid=\"false\" name=\"education\"><option value=\"\">\u9078\u629e\u3057\u3066\u304f\u3060\u3055\u3044<\/option><option value=\"\u5927\u5b66\u9662\">\u5927\u5b66\u9662<\/option><option value=\"\u5927\u5b66\">\u5927\u5b66<\/option><option value=\"\u9ad8\u5c02\">\u9ad8\u5c02<\/option><option value=\"\u77ed\u5927\">\u77ed\u5927<\/option><option value=\"\u5c02\u9580\u30fb\u5c02\u4fee\">\u5c02\u9580\u30fb\u5c02\u4fee<\/option><option value=\"\u9ad8\u6821\">\u9ad8\u6821<\/option><option value=\"\u305d\u306e\u4ed6\">\u305d\u306e\u4ed6<\/option><\/select><\/span>\n\t\t\t<\/p>\n\t\t<\/td>\n\t<\/tr>\n\t<tr>\n\t\t<th>\n\t\t\t<p><span class=\"CF7_req\">\u5fc5\u9808<\/span> \u5b66\u6821\u540d\n\t\t\t<\/p>\n\t\t<\/th>\n\t\t<td>\n\t\t\t<p><span class=\"wpcf7-form-control-wrap\" data-name=\"school_name\"><input size=\"40\" maxlength=\"400\" class=\"wpcf7-form-control wpcf7-text wpcf7-validates-as-required\" aria-required=\"true\" aria-invalid=\"false\" value=\"\" type=\"text\" name=\"school_name\" \/><\/span>\n\t\t\t<\/p>\n\t\t<\/td>\n\t<\/tr>\n\t<tr>\n\t\t<th>\n\t\t\t<p><span class=\"CF7_req\">\u5fc5\u9808<\/span> \u5b66\u90e8\u30fb\u5b66\u79d1\u30fb\u5c02\u653b\n\t\t\t<\/p>\n\t\t<\/th>\n\t\t<td>\n\t\t\t<p><span class=\"wpcf7-form-control-wrap\" data-name=\"faculty\"><input size=\"40\" maxlength=\"400\" class=\"wpcf7-form-control wpcf7-text wpcf7-validates-as-required\" aria-required=\"true\" aria-invalid=\"false\" value=\"\" type=\"text\" name=\"faculty\" \/><\/span>\n\t\t\t<\/p>\n\t\t<\/td>\n\t<\/tr>\n\t<tr>\n\t\t<th>\n\t\t\t<p><span class=\"CF7_req\">\u5fc5\u9808<\/span> \u5352\u696d\u5e74\u6708\n\t\t\t<\/p>\n\t\t<\/th>\n\t\t<td>\n\t\t\t<p><span class=\"wpcf7-form-control-wrap\" data-name=\"grad_year\"><input size=\"40\" maxlength=\"400\" class=\"wpcf7-form-control wpcf7-text wpcf7-validates-as-required\" aria-required=\"true\" aria-invalid=\"false\" placeholder=\"\u4f8b\uff1aYYYY\u5e74MM\u6708\" value=\"\" type=\"text\" name=\"grad_year\" \/><\/span>\n\t\t\t<\/p>\n\t\t<\/td>\n\t<\/tr>\n\t<tr>\n\t\t<th>\n\t\t\t<p><span class=\"CF7_req\">\u5fc5\u9808<\/span> \u72b6\u6cc1\n\t\t\t<\/p>\n\t\t<\/th>\n\t\t<td>\n\t\t\t<p><span class=\"wpcf7-form-control-wrap\" data-name=\"status\"><span class=\"wpcf7-form-control wpcf7-checkbox wpcf7-validates-as-required\"><span class=\"wpcf7-list-item first\"><input type=\"checkbox\" name=\"status[]\" value=\"\u5352\u696d\" \/><span class=\"wpcf7-list-item-label\">\u5352\u696d<\/span><\/span><span class=\"wpcf7-list-item last\"><input type=\"checkbox\" name=\"status[]\" value=\"\u4e2d\u9000\" \/><span class=\"wpcf7-list-item-label\">\u4e2d\u9000<\/span><\/span><\/span><\/span>\n\t\t\t<\/p>\n\t\t<\/td>\n\t<\/tr>\n\t<tr>\n\t\t<th>\n\t\t\t<p><span class=\"CF7_req\">\u5fc5\u9808<\/span> \u5e0c\u671b\u8077\u7a2e\n\t\t\t<\/p>\n\t\t<\/th>\n\t\t<td>\n\t\t\t<p><span class=\"wpcf7-form-control-wrap\" data-name=\"job_type\"><select class=\"wpcf7-form-control wpcf7-select wpcf7-validates-as-required\" aria-required=\"true\" aria-invalid=\"false\" name=\"job_type\"><option value=\"\">\u9078\u629e\u3057\u3066\u304f\u3060\u3055\u3044<\/option><option value=\"\u4e8b\u52d9\u8077\">\u4e8b\u52d9\u8077<\/option><option value=\"\u6280\u8853\u8077\">\u6280\u8853\u8077<\/option><option value=\"\u751f\u7523(\u6280\u80fd)\u8077\">\u751f\u7523(\u6280\u80fd)\u8077<\/option><\/select><\/span>\n\t\t\t<\/p>\n\t\t<\/td>\n\t<\/tr>\n\t<tr>\n\t\t<td colspan=\"2\" style=\"font-weight: bold; font-size: 16px; color: #fff; background-color: #02572C;\">\n\t\t\t<p><strong>\u6700\u7d42\u8077\u5834\u5c65\u6b74<\/strong>\n\t\t\t<\/p>\n\t\t<\/td>\n\t<\/tr>\n\t<tr>\n\t\t<th>\n\t\t\t<p><span class=\"CF7_req\">\u5fc5\u9808<\/span> \u4f1a\u793e\u540d\n\t\t\t<\/p>\n\t\t<\/th>\n\t\t<td>\n\t\t\t<p><span class=\"wpcf7-form-control-wrap\" data-name=\"company_name\"><input size=\"40\" maxlength=\"400\" class=\"wpcf7-form-control wpcf7-text wpcf7-validates-as-required\" aria-required=\"true\" aria-invalid=\"false\" value=\"\" type=\"text\" name=\"company_name\" \/><\/span>\n\t\t\t<\/p>\n\t\t<\/td>\n\t<\/tr>\n\t<tr>\n\t\t<th>\n\t\t\t<p><span class=\"CF7_req\">\u5fc5\u9808<\/span> \u52e4\u52d9\u671f\u9593\n\t\t\t<\/p>\n\t\t<\/th>\n\t\t<td>\n\t\t\t<p><span class=\"wpcf7-form-control-wrap\" data-name=\"work_year\"><input size=\"40\" maxlength=\"400\" class=\"wpcf7-form-control wpcf7-text wpcf7-validates-as-required\" aria-required=\"true\" aria-invalid=\"false\" placeholder=\"\u4f8b\uff1aYY\u5e74MM\u30f6\u6708\" value=\"\" type=\"text\" name=\"work_year\" \/><\/span>\n\t\t\t<\/p>\n\t\t<\/td>\n\t<\/tr>\n\t<tr>\n\t\t<th>\n\t\t\t<p><span class=\"CF7_req\">\u5fc5\u9808<\/span> \u5728\u7c4d\u6709\u7121\n\t\t\t<\/p>\n\t\t<\/th>\n\t\t<td>\n\t\t\t<p><span class=\"wpcf7-form-control-wrap\" data-name=\"enrollment\"><span class=\"wpcf7-form-control wpcf7-checkbox wpcf7-validates-as-required\"><span class=\"wpcf7-list-item first\"><input type=\"checkbox\" name=\"enrollment[]\" value=\"\u5728\u8077\u4e2d\" \/><span class=\"wpcf7-list-item-label\">\u5728\u8077\u4e2d<\/span><\/span><span class=\"wpcf7-list-item last\"><input type=\"checkbox\" name=\"enrollment[]\" value=\"\u9000\u8077\" \/><span class=\"wpcf7-list-item-label\">\u9000\u8077<\/span><\/span><\/span><\/span>\n\t\t\t<\/p>\n\t\t<\/td>\n\t<\/tr>\n\t<tr>\n\t\t<th>\n\t\t\t<p><span class=\"CF7_req\">\u5fc5\u9808<\/span> \u696d\u7a2e\n\t\t\t<\/p>\n\t\t<\/th>\n\t\t<td>\n\t\t\t<p><span class=\"wpcf7-form-control-wrap\" data-name=\"industry\"><select class=\"wpcf7-form-control wpcf7-select wpcf7-validates-as-required\" aria-required=\"true\" aria-invalid=\"false\" name=\"industry\"><option value=\"\">\u9078\u629e\u3057\u3066\u304f\u3060\u3055\u3044<\/option><option value=\"\u81ea\u52d5\u8eca\u30fb\u6a5f\u68b0\">\u81ea\u52d5\u8eca\u30fb\u6a5f\u68b0<\/option><option value=\"\u5bb6\u96fb\u30fb\u30a8\u30ec\u30af\u30c8\u30ed\u30cb\u30af\u30b9\">\u5bb6\u96fb\u30fb\u30a8\u30ec\u30af\u30c8\u30ed\u30cb\u30af\u30b9<\/option><option value=\"\u30a8\u30cd\u30eb\u30ae\u30fc\u30fb\u74b0\u5883\">\u30a8\u30cd\u30eb\u30ae\u30fc\u30fb\u74b0\u5883<\/option><option value=\"\u7e4a\u7dad\u30fb\u5316\u5b66\u30fb\u7d20\u6750\">\u7e4a\u7dad\u30fb\u5316\u5b66\u30fb\u7d20\u6750<\/option><option value=\"IT\u30fb\u901a\u4fe1\u30fb\u30a4\u30f3\u30bf\u30fc\u30cd\u30c3\u30c8\">IT\u30fb\u901a\u4fe1\u30fb\u30a4\u30f3\u30bf\u30fc\u30cd\u30c3\u30c8<\/option><option value=\"\u30e1\u30c7\u30a3\u30ab\u30eb\">\u30e1\u30c7\u30a3\u30ab\u30eb<\/option><option value=\"\u5efa\u8a2d\u30fb\u8a2d\u5099\u30fb\u4e0d\u52d5\u7523\">\u5efa\u8a2d\u30fb\u8a2d\u5099\u30fb\u4e0d\u52d5\u7523<\/option><option value=\"\u7dcf\u5408\u5546\u793e\">\u7dcf\u5408\u5546\u793e<\/option><option value=\"\u5c02\u9580\u5546\u793e\">\u5c02\u9580\u5546\u793e<\/option><option value=\"\u5c0f\u58f2\u30fb\u6d41\u901a\u30fb\u5916\u98df\">\u5c0f\u58f2\u30fb\u6d41\u901a\u30fb\u5916\u98df<\/option><option value=\"\u91d1\u878d\">\u91d1\u878d<\/option><option value=\"\u30de\u30b9\u30b3\u30df\u30fb\u51fa\u7248\">\u30de\u30b9\u30b3\u30df\u30fb\u51fa\u7248<\/option><option value=\"\u30b5\u30fc\u30d3\u30b9\">\u30b5\u30fc\u30d3\u30b9<\/option><option value=\"\u96fb\u6c17\u30fb\u30ac\u30b9\u30fb\u6c34\u9053\">\u96fb\u6c17\u30fb\u30ac\u30b9\u30fb\u6c34\u9053<\/option><option value=\"\u798f\u7949\u30fb\u6559\u80b2\u95a2\u9023\">\u798f\u7949\u30fb\u6559\u80b2\u95a2\u9023<\/option><option value=\"\u5b98\u516c\u5e81\">\u5b98\u516c\u5e81<\/option><option value=\"\u305d\u306e\u4ed6\">\u305d\u306e\u4ed6<\/option><\/select><\/span>\n\t\t\t<\/p>\n\t\t<\/td>\n\t<\/tr>\n\t<tr>\n\t\t<th>\n\t\t\t<p><span class=\"CF7_req\">\u5fc5\u9808<\/span> \u8077\u7a2e\n\t\t\t<\/p>\n\t\t<\/th>\n\t\t<td>\n\t\t\t<p><span class=\"wpcf7-form-control-wrap\" data-name=\"job_category\"><select class=\"wpcf7-form-control wpcf7-select wpcf7-validates-as-required\" aria-required=\"true\" aria-invalid=\"false\" name=\"job_category\"><option value=\"\">\u9078\u629e\u3057\u3066\u304f\u3060\u3055\u3044<\/option><option value=\"\u6280\u8853\u7cfb\uff08\u30cf\u30fc\u30c9\u30a6\u30a7\u30a2\u95a2\u9023\uff09\">\u6280\u8853\u7cfb\uff08\u30cf\u30fc\u30c9\u30a6\u30a7\u30a2\u95a2\u9023\uff09<\/option><option value=\"\u6280\u8853\u7cfb\uff08\u30bd\u30d5\u30c8\u30a6\u30a7\u30a2\u95a2\u9023\uff09\">\u6280\u8853\u7cfb\uff08\u30bd\u30d5\u30c8\u30a6\u30a7\u30a2\u95a2\u9023\uff09<\/option><option value=\"\u6280\u8853\u7cfb\uff08\u7814\u7a76\u958b\u767a\u30fb\u305d\u306e\u4ed6\uff09\">\u6280\u8853\u7cfb\uff08\u7814\u7a76\u958b\u767a\u30fb\u305d\u306e\u4ed6\uff09<\/option><option value=\"\u55b6\u696d\u30fb\u8ca9\u58f2\u7cfb\">\u55b6\u696d\u30fb\u8ca9\u58f2\u7cfb<\/option><option value=\"\u4e8b\u52d9\u7cfb\uff08\u4eba\u4e8b\u30fb\u7dcf\u52d9\uff09\">\u4e8b\u52d9\u7cfb\uff08\u4eba\u4e8b\u30fb\u7dcf\u52d9\uff09<\/option><option value=\"\u4e8b\u52d9\u7cfb\uff08\u8ca1\u52d9\u30fb\u7d4c\u7406\uff09\">\u4e8b\u52d9\u7cfb\uff08\u8ca1\u52d9\u30fb\u7d4c\u7406\uff09<\/option><option value=\"\u4e8b\u52d9\u7cfb\uff08\u5e83\u5831\u30fbIR\u30fb\u305d\u306e\u4ed6\uff09\">\u4e8b\u52d9\u7cfb\uff08\u5e83\u5831\u30fbIR\u30fb\u305d\u306e\u4ed6\uff09<\/option><option value=\"\u4f01\u753b\u30fb\u30de\u30fc\u30b1\u30c6\u30a3\u30f3\u30b0\u7cfb\">\u4f01\u753b\u30fb\u30de\u30fc\u30b1\u30c6\u30a3\u30f3\u30b0\u7cfb<\/option><option value=\"\u6cd5\u52d9\u30fb\u7279\u8a31\">\u6cd5\u52d9\u30fb\u7279\u8a31<\/option><option value=\"\u91d1\u878d\u30b9\u30da\u30b7\u30e3\u30ea\u30b9\u30c8\">\u91d1\u878d\u30b9\u30da\u30b7\u30e3\u30ea\u30b9\u30c8<\/option><option value=\"\u305d\u306e\u4ed6\">\u305d\u306e\u4ed6<\/option><\/select><\/span>\n\t\t\t<\/p>\n\t\t<\/td>\n\t<\/tr>\n\t<tr>\n\t\t<th>\n\t\t\t<p><span class=\"CF7_req\">\u5fc5\u9808<\/span> \u96c7\u7528\u5f62\u614b\n\t\t\t<\/p>\n\t\t<\/th>\n\t\t<td>\n\t\t\t<p><span class=\"wpcf7-form-control-wrap\" data-name=\"employment_type\"><select class=\"wpcf7-form-control wpcf7-select wpcf7-validates-as-required\" aria-required=\"true\" aria-invalid=\"false\" name=\"employment_type\"><option value=\"\">\u9078\u629e\u3057\u3066\u304f\u3060\u3055\u3044<\/option><option value=\"\u6b63\u793e\u54e1\">\u6b63\u793e\u54e1<\/option><option value=\"\u5951\u7d04\u793e\u54e1\">\u5951\u7d04\u793e\u54e1<\/option><option value=\"\u6d3e\u9063\u793e\u54e1\">\u6d3e\u9063\u793e\u54e1<\/option><option value=\"\u30a2\u30eb\u30d0\u30a4\u30c8\">\u30a2\u30eb\u30d0\u30a4\u30c8<\/option><option value=\"\u696d\u52d9\u59d4\u8a17\">\u696d\u52d9\u59d4\u8a17<\/option><option value=\"\u305d\u306e\u4ed6\">\u305d\u306e\u4ed6<\/option><\/select><\/span>\n\t\t\t<\/p>\n\t\t<\/td>\n\t<\/tr>\n\t<tr>\n\t\t<th>\n\t\t\t<p><span class=\"CF7_req\">\u5fc5\u9808<\/span> \u5165\u793e\u5e0c\u671b\u6642\u671f\n\t\t\t<\/p>\n\t\t<\/th>\n\t\t<td>\n\t\t\t<p><span class=\"wpcf7-form-control-wrap\" data-name=\"start_date\"><span class=\"wpcf7-form-control wpcf7-checkbox wpcf7-validates-as-required\"><span class=\"wpcf7-list-item first\"><input type=\"checkbox\" name=\"start_date[]\" value=\"\u3059\u3050\u306b\u3067\u3082\" \/><span class=\"wpcf7-list-item-label\">\u3059\u3050\u306b\u3067\u3082<\/span><\/span><span class=\"wpcf7-list-item\"><input type=\"checkbox\" name=\"start_date[]\" value=\"\uff13\u30f6\u6708\u4ee5\u5185\" \/><span class=\"wpcf7-list-item-label\">\uff13\u30f6\u6708\u4ee5\u5185<\/span><\/span><span class=\"wpcf7-list-item\"><input type=\"checkbox\" name=\"start_date[]\" value=\"\u534a\u5e74\u4ee5\u5185\" \/><span class=\"wpcf7-list-item-label\">\u534a\u5e74\u4ee5\u5185<\/span><\/span><span class=\"wpcf7-list-item last\"><input type=\"checkbox\" name=\"start_date[]\" value=\"\u672a\u5b9a\" \/><span class=\"wpcf7-list-item-label\">\u672a\u5b9a<\/span><\/span><\/span><\/span>\n\t\t\t<\/p>\n\t\t<\/td>\n\t<\/tr>\n\t<tr>\n\t\t<th>\n\t\t\t<p><span class=\"CF7_unreq\">\u4efb\u610f<\/span> \u81ea\u5df1PR(800\u5b57\u4ee5\u5185)\n\t\t\t<\/p>\n\t\t<\/th>\n\t\t<td>\n\t\t\t<p><span class=\"wpcf7-form-control-wrap\" data-name=\"self_pr\"><textarea cols=\"40\" rows=\"10\" maxlength=\"800\" class=\"wpcf7-form-control wpcf7-textarea\" aria-invalid=\"false\" name=\"self_pr\"><\/textarea><\/span>\n\t\t\t<\/p>\n\t\t<\/td>\n\t<\/tr>\n<\/table>\n<p><span id=\"wpcf7-69f8a0598d624-wrapper\" class=\"wpcf7-form-control-wrap honeypot-700-wrap\" style=\"display:none !important; visibility:hidden !important;\"><label for=\"wpcf7-69f8a0598d624-field\" class=\"hp-message\">\u3053\u306e\u30d5\u30a3\u30fc\u30eb\u30c9\u306f\u7a7a\u306e\u307e\u307e\u306b\u3057\u3066\u304f\u3060\u3055\u3044\u3002<\/label><input id=\"wpcf7-69f8a0598d624-field\"  class=\"wpcf7-form-control wpcf7-text\" type=\"text\" name=\"honeypot-700\" value=\"\" size=\"40\" tabindex=\"-1\" autocomplete=\"new-password\" \/><\/span><br \/>\n<span class=\"wpcf7-form-control-wrap\" data-name=\"acceptance\"><span class=\"wpcf7-form-control wpcf7-acceptance\"><span class=\"wpcf7-list-item\"><label><input type=\"checkbox\" name=\"acceptance\" value=\"1\" aria-invalid=\"false\" \/><span class=\"wpcf7-list-item-label\">\u5165\u529b\u5185\u5bb9\u3092\u78ba\u8a8d\u3057\u307e\u3057\u305f\u3002<\/span><\/label><\/span><\/span><\/span>\n<\/p>\n<p class=\"CF7_btn\"><input class=\"wpcf7-form-control wpcf7-submit has-spinner\" type=\"submit\" value=\"\u9001\u4fe1\u3059\u308b\" \/>\n<\/p><div class=\"wpcf7-response-output\" aria-hidden=\"true\"><\/div>\n<\/form>\n<\/div>\n<\/div>\n\n\n\n<style>\n.page-header {\n    background-image: url('https:\/\/www.hozumi-kato.co.jp\/wp-content\/uploads\/2025\/12\/\u7d39\u4ecb\u75285-2.jpg');\n}\n<\/style>\n","protected":false},"excerpt":{"rendered":"","protected":false},"author":1,"featured_media":0,"parent":590,"menu_order":5,"comment_status":"closed","ping_status":"closed","template":"","meta":{"footnotes":""},"class_list":["post-1037","page","type-page","status-publish","hentry"],"_links":{"self":[{"href":"https:\/\/www.hozumi-kato.co.jp\/index.php?rest_route=\/wp\/v2\/pages\/1037","targetHints":{"allow":["GET"]}}],"collection":[{"href":"https:\/\/www.hozumi-kato.co.jp\/index.php?rest_route=\/wp\/v2\/pages"}],"about":[{"href":"https:\/\/www.hozumi-kato.co.jp\/index.php?rest_route=\/wp\/v2\/types\/page"}],"author":[{"embeddable":true,"href":"https:\/\/www.hozumi-kato.co.jp\/index.php?rest_route=\/wp\/v2\/users\/1"}],"replies":[{"embeddable":true,"href":"https:\/\/www.hozumi-kato.co.jp\/index.php?rest_route=%2Fwp%2Fv2%2Fcomments&post=1037"}],"version-history":[{"count":12,"href":"https:\/\/www.hozumi-kato.co.jp\/index.php?rest_route=\/wp\/v2\/pages\/1037\/revisions"}],"predecessor-version":[{"id":3505,"href":"https:\/\/www.hozumi-kato.co.jp\/index.php?rest_route=\/wp\/v2\/pages\/1037\/revisions\/3505"}],"up":[{"embeddable":true,"href":"https:\/\/www.hozumi-kato.co.jp\/index.php?rest_route=\/wp\/v2\/pages\/590"}],"wp:attachment":[{"href":"https:\/\/www.hozumi-kato.co.jp\/index.php?rest_route=%2Fwp%2Fv2%2Fmedia&parent=1037"}],"curies":[{"name":"wp","href":"https:\/\/api.w.org\/{rel}","templated":true}]}}