{"id":1062,"date":"2025-09-12T11:52:41","date_gmt":"2025-09-12T02:52:41","guid":{"rendered":"https:\/\/wp.hozumi-kato.co.jp\/?page_id=1062"},"modified":"2025-12-26T10:15:01","modified_gmt":"2025-12-26T01:15:01","slug":"%e3%81%8a%e5%95%8f%e3%81%84%e5%90%88%e3%82%8f%e3%81%9b","status":"publish","type":"page","link":"https:\/\/www.hozumi-kato.co.jp\/?page_id=1062","title":{"rendered":"\u304a\u554f\u3044\u5408\u308f\u305b"},"content":{"rendered":"\n<figure class=\"wp-block-table has-regular-font-size\"><table><thead><tr><th>\u62c5\u5f53\u90e8\u7f72<\/th><th>\u62c5\u5f53\u8005<\/th><th>\u304a\u554f\u3044\u5408\u308f\u305b\u5185\u5bb9<\/th><th class=\"has-text-align-center\" data-align=\"center\">\u9023\u7d61\u5148\uff08TEL\uff09<\/th><\/tr><\/thead><tbody><tr><td>\u7dcf\u52d9\u90e8<\/td><td>\u4f50\u85e4<\/td><td>\u7dcf\u5408\u7684\u306a\u304a\u554f\u3044\u5408\u308f\u305b\u5148<\/td><td class=\"has-text-align-center\" data-align=\"center\">058-374-9001<\/td><\/tr><tr><td>\u7dcf\u52d9G<\/td><td>\u5ca1\u7530<\/td><td>\u4eba\u4e8b\u30fb\u63a1\u7528\u306b\u95a2\u3059\u308b\u304a\u554f\u5408\u305b\u5148<\/td><td class=\"has-text-align-center\" data-align=\"center\">058-374-9001<\/td><\/tr><\/tbody><\/table><\/figure>\n\n\n\n<h6 class=\"wp-block-heading\" style=\"margin-top:0;margin-bottom:0;padding-top:var(--wp--preset--spacing--40);font-size:17px\">\u3010\u6ce8\u610f\u4e8b\u9805\u3011<\/h6>\n\n\n\n<ol style=\"font-size:15px;line-height:1.7\" class=\"wp-block-list\">\n<li>\u304a\u554f\u3044\u5408\u308f\u305b\u306e\u5185\u5bb9\u306b\u306f\u3001\u3059\u3079\u3066\u304a\u8fd4\u4e8b\u3092\u5dee\u3057\u4e0a\u3052\u3089\u308c\u306a\u3044\u5834\u5408\u304c\u3054\u3056\u3044\u307e\u3059\u3002\u4e88\u3081\u3054\u4e86\u627f\u4e0b\u3055\u3044\u307e\u3059\u3088\u3046\u304a\u9858\u3044\u7533\u3057\u4e0a\u3052\u307e\u3059\u3002<\/li>\n\n\n\n<li style=\"font-size:15px;line-height:1.7\">\u304a\u554f\u3044\u5408\u308f\u305b\u306e\u5185\u5bb9\u306b\u306f\u3001\u793e\u5185\u62c5\u5f53\u90e8\u9580\u306b\u3066\u8fc5\u901f\u306b\u56de\u7b54\u3092\u5dee\u3057\u4e0a\u3052\u3089\u308c\u308b\u3088\u3046\u52aa\u3081\u3066\u307e\u3044\u308a\u307e\u3059\u304c\u3001\u56de\u7b54\u307e\u3067\u306b\u304a\u6642\u9593\u3092\u9802\u304f\u5834\u5408\u3082\u3054\u3056\u3044\u307e\u3059\u3002<\/li>\n\n\n\n<li>\u304a\u554f\u3044\u5408\u308f\u305b\u306e\u5185\u5bb9\u306b\u3088\u3063\u3066\u306f\u3001\u66f8\u9762\u3084\u96fb\u8a71\u30fbFAX\u306b\u3088\u308a\u3054\u56de\u7b54\u5dee\u3057\u4e0a\u3052\u308b\u5834\u5408\u304c\u3054\u3056\u3044\u307e\u3059\u3002\u305d\u306e\u969b\u3001\u304a\u5ba2\u69d8\u306b\u3054\u5165\u529b\u9802\u3044\u305f\u8cea\u554f\u5185\u5bb9\u306a\u3069\u306e\u60c5\u5831\u3092\u8ee2\u8f09\u30fb\u5229\u7528\u3055\u305b\u3066\u9802\u304f\u5834\u5408\u304c\u3054\u3056\u3044\u307e\u3059\u3002<\/li>\n\n\n\n<li>\u5f53\u793e\u3067\u306f\u3001\u304a\u9001\u308a\u9802\u304d\u307e\u3057\u305f\u304a\u540d\u524d\u3001\u3054\u4f4f\u6240\u306a\u3069\u306e\u500b\u4eba\u60c5\u5831\u306f\u3001\u6cd5\u4ee4\u3067\u5b9a\u3081\u3089\u308c\u305f\u5834\u5408\u3092\u9664\u304d\u3001\u500b\u4eba\u306e\u540c\u610f\u306a\u304f\u7b2c\u4e09\u8005\u306b\u958b\u793a\u3059\u308b\u4e8b\u306f\u3042\u308a\u307e\u305b\u3093\u3002\u5f53\u793e\u3067\u306f\u3001\u7b2c\u4e09\u8005\u304c\u304a\u5ba2\u69d8\u306e\u500b\u4eba\u60c5\u5831\u306b\u4e0d\u5f53\u306b\u89e6\u308c\u308b\u4e8b\u304c\u306a\u3044\u3088\u3046\u3001\u5408\u7406\u7684\u306a\u7bc4\u56f2\u5185\u3067\u53b3\u91cd\u306b\u7ba1\u7406\u81f4\u3057\u307e\u3059\u3002<\/li>\n\n\n\n<li>\u5f53\u793e\u306b\u3088\u308b\u30e1\u30fc\u30eb\u3067\u306e\u3054\u56de\u7b54\u306f\u3001\u5f53\u793e\u3078\u304a\u554f\u5408\u305b\u9802\u3044\u305f\u304a\u5ba2\u69d8\u306e\u7279\u5b9a\u306e\u3054\u8cea\u554f\u306b\u304a\u7b54\u3048\u3059\u308b\u306e\u307f\u3092\u76ee\u7684\u3068\u3059\u308b\u3082\u306e\u3067\u3059\u3002\u5f53\u793e\u306b\u8a31\u53ef\u306a\u304f\u3001\u56de\u7b54\u306e\u5185\u5bb9\u306e\u4e00\u90e8\u5206\u307e\u305f\u306f\u5168\u4f53\u3092\u8ee2\u7528\u3001\u4e8c\u6b21\u5229\u7528\u3057\u3001\u5f53\u8a72\u306e\u304a\u5ba2\u69d8\u4ee5\u5916\u306b\u958b\u793a\u3059\u308b\u4e8b\u306f\u56fa\u304f\u304a\u65ad\u308a\u3057\u307e\u3059\u3002<\/li>\n<\/ol>\n\n\n\n<hr class=\"wp-block-separator has-alpha-channel-opacity is-style-dots\" style=\"margin-bottom:var(--wp--preset--spacing--50)\"\/>\n\n\n\n<div class=\"wp-block-contact-form-7-contact-form-selector\">\n<div class=\"wpcf7 no-js\" id=\"wpcf7-f1060-o1\" lang=\"ja\" dir=\"ltr\" data-wpcf7-id=\"1060\">\n<div class=\"screen-reader-response\"><p role=\"status\" aria-live=\"polite\" aria-atomic=\"true\"><\/p> <ul><\/ul><\/div>\n<form action=\"\/index.php?rest_route=%2Fwp%2Fv2%2Fpages%2F1062#wpcf7-f1060-o1\" method=\"post\" class=\"wpcf7-form init\" aria-label=\"\u30b3\u30f3\u30bf\u30af\u30c8\u30d5\u30a9\u30fc\u30e0\" novalidate=\"novalidate\" data-status=\"init\">\n<fieldset class=\"hidden-fields-container\"><input type=\"hidden\" name=\"_wpcf7\" value=\"1060\" \/><input type=\"hidden\" name=\"_wpcf7_version\" value=\"6.1.5\" \/><input type=\"hidden\" name=\"_wpcf7_locale\" value=\"ja\" \/><input type=\"hidden\" name=\"_wpcf7_unit_tag\" value=\"wpcf7-f1060-o1\" \/><input type=\"hidden\" name=\"_wpcf7_container_post\" value=\"0\" \/><input type=\"hidden\" name=\"_wpcf7_posted_data_hash\" value=\"\" \/>\n<\/fieldset>\n<p><label> \u4f1a\u793e\u30fb\u56e3\u4f53\u540d<br \/>\n<span class=\"wpcf7-form-control-wrap\" data-name=\"company\"><input size=\"40\" maxlength=\"400\" class=\"wpcf7-form-control wpcf7-text\" aria-invalid=\"false\" placeholder=\"\u4f8b\uff1a\u682a\u5f0f\u4f1a\u793eHozumi\u52a0\u85e4\u7cbe\u5bc6\" value=\"\" type=\"text\" name=\"company\" \/><\/span> <\/label>\n<\/p>\n<p><label> \u90e8\u7f72\u540d<br \/>\n<span class=\"wpcf7-form-control-wrap\" data-name=\"department_name\"><input size=\"40\" maxlength=\"400\" class=\"wpcf7-form-control wpcf7-text\" aria-invalid=\"false\" placeholder=\"\u4f8b\uff1a\u55b6\u696d\u90e8\" value=\"\" type=\"text\" name=\"department_name\" \/><\/span> <\/label>\n<\/p>\n<p><label> \u540d\u524d<span class=\"required\">\u5fc5\u9808<\/span><br \/>\n<span class=\"wpcf7-form-control-wrap\" data-name=\"your-name\"><input size=\"40\" maxlength=\"400\" class=\"wpcf7-form-control wpcf7-text wpcf7-validates-as-required\" aria-required=\"true\" aria-invalid=\"false\" placeholder=\"\u4f8b\uff1a\u5c71\u7530\u3000\u82b1\u5b50\" value=\"\" type=\"text\" name=\"your-name\" \/><\/span> <\/label>\n<\/p>\n<p><label> \u3075\u308a\u304c\u306a<span class=\"required\">\u5fc5\u9808<\/span><br \/>\n<span class=\"wpcf7-form-control-wrap\" data-name=\"name_kana\"><input size=\"40\" maxlength=\"400\" class=\"wpcf7-form-control wpcf7-text wpcf7-validates-as-required\" aria-required=\"true\" aria-invalid=\"false\" placeholder=\"\u4f8b\uff1a\u3084\u307e\u3060\u3000\u306f\u306a\u3053\" value=\"\" type=\"text\" name=\"name_kana\" \/><\/span> <\/label>\n<\/p>\n<p><label> E-mail<span class=\"required\">\u5fc5\u9808<\/span><br \/>\n<span class=\"wpcf7-form-control-wrap\" data-name=\"email\"><input size=\"40\" maxlength=\"400\" class=\"wpcf7-form-control wpcf7-email wpcf7-validates-as-required wpcf7-text wpcf7-validates-as-email\" aria-required=\"true\" aria-invalid=\"false\" placeholder=\"\u4f8b\uff1a\u00d7\u00d7\u00d7@\u00d7\u00d7\u00d7.com\" value=\"\" type=\"email\" name=\"email\" \/><\/span> <\/label>\n<\/p>\n<p><label> E-mail(\u78ba\u8a8d\u7528)<span class=\"required\">\u5fc5\u9808<\/span><br \/>\n<span class=\"wpcf7-form-control-wrap\" data-name=\"email_confirm\"><input size=\"40\" maxlength=\"400\" class=\"wpcf7-form-control wpcf7-email wpcf7-validates-as-required wpcf7-text wpcf7-validates-as-email\" aria-required=\"true\" aria-invalid=\"false\" value=\"\" type=\"email\" name=\"email_confirm\" \/><\/span> <\/label>\n<\/p>\n<p><label> \u90f5\u4fbf\u756a\u53f7<span class=\"required\">\u5fc5\u9808<\/span><br \/>\n<span class=\"wpcf7-form-control-wrap\" data-name=\"postal_code\"><input size=\"40\" maxlength=\"400\" class=\"wpcf7-form-control wpcf7-text wpcf7-validates-as-required\" aria-required=\"true\" aria-invalid=\"false\" placeholder=\"\u4f8b\uff1a5010418\" value=\"\" type=\"text\" name=\"postal_code\" \/><\/span> <\/label>\n<\/p>\n<p><label> \u4f4f\u6240<span class=\"required\">\u5fc5\u9808<\/span><br \/>\n<span class=\"wpcf7-form-control-wrap\" data-name=\"address\"><input size=\"40\" maxlength=\"400\" class=\"wpcf7-form-control wpcf7-text wpcf7-validates-as-required\" aria-required=\"true\" aria-invalid=\"false\" placeholder=\"\u4f8b\uff1a\u5c90\u961c\u770c\u672c\u5de3\u5e02\u4e03\u4e94\u4e09\u5b57\u5824\u59161307-1\" value=\"\" type=\"text\" name=\"address\" \/><\/span> <\/label>\n<\/p>\n<p><label> \u96fb\u8a71\u756a\u53f7<span class=\"required\">\u5fc5\u9808<\/span><br \/>\n<span class=\"wpcf7-form-control-wrap\" data-name=\"tel\"><input size=\"40\" maxlength=\"400\" class=\"wpcf7-form-control wpcf7-tel wpcf7-validates-as-required wpcf7-text wpcf7-validates-as-tel\" aria-required=\"true\" aria-invalid=\"false\" placeholder=\"\u4f8b\uff1a0583749001\" value=\"\" type=\"tel\" name=\"tel\" \/><\/span> <\/label>\n<\/p>\n<p><label> FAX\u756a\u53f7<br \/>\n<span class=\"wpcf7-form-control-wrap\" data-name=\"mobile\"><input size=\"40\" maxlength=\"400\" class=\"wpcf7-form-control wpcf7-tel wpcf7-text wpcf7-validates-as-tel\" aria-invalid=\"false\" placeholder=\"\u4f8b\uff1a0583749002\" value=\"\" type=\"tel\" name=\"mobile\" \/><\/span> <\/label>\n<\/p>\n<p><label> \u4ef6\u540d<span class=\"required\">\u5fc5\u9808<\/span><br \/>\n<span class=\"wpcf7-form-control-wrap\" data-name=\"subject\"><input size=\"40\" maxlength=\"400\" class=\"wpcf7-form-control wpcf7-text wpcf7-validates-as-required\" aria-required=\"true\" aria-invalid=\"false\" value=\"\" type=\"text\" name=\"subject\" \/><\/span> <\/label>\n<\/p>\n<p><label> \u5185\u5bb9<span class=\"required\">\u5fc5\u9808<\/span><br \/>\n<span class=\"wpcf7-form-control-wrap\" data-name=\"message\"><textarea cols=\"40\" rows=\"10\" maxlength=\"2000\" class=\"wpcf7-form-control wpcf7-textarea wpcf7-validates-as-required\" aria-required=\"true\" aria-invalid=\"false\" name=\"message\"><\/textarea><\/span> <\/label><br \/>\n<span class=\"wpcf7-form-control-wrap\" data-name=\"acceptance\"><span class=\"wpcf7-form-control wpcf7-acceptance\"><span class=\"wpcf7-list-item\"><label><input type=\"checkbox\" name=\"acceptance\" value=\"1\" aria-invalid=\"false\" \/><span class=\"wpcf7-list-item-label\">\u5165\u529b\u5185\u5bb9\u3092\u78ba\u8a8d\u3057\u307e\u3057\u305f\u3002<\/span><\/label><\/span><\/span><\/span>\n<\/p>\n<p><span id=\"wpcf7-69f8a060c0942-wrapper\" class=\"wpcf7-form-control-wrap honeypot-319-wrap\" style=\"display:none !important; visibility:hidden !important;\"><label for=\"wpcf7-69f8a060c0942-field\" class=\"hp-message\">\u3053\u306e\u30d5\u30a3\u30fc\u30eb\u30c9\u306f\u7a7a\u306e\u307e\u307e\u306b\u3057\u3066\u304f\u3060\u3055\u3044\u3002<\/label><input id=\"wpcf7-69f8a060c0942-field\"  class=\"wpcf7-form-control wpcf7-text\" type=\"text\" name=\"honeypot-319\" value=\"\" size=\"40\" tabindex=\"-1\" autocomplete=\"new-password\" \/><\/span><br \/>\n<input class=\"wpcf7-form-control wpcf7-submit has-spinner\" type=\"submit\" value=\"\u9001\u4fe1\" \/>\n<\/p><div class=\"wpcf7-response-output\" aria-hidden=\"true\"><\/div>\n<\/form>\n<\/div>\n<\/div>\n\n\n\n<style>\n.page-header {\n    background-image: url('https:\/\/www.hozumi-kato.co.jp\/wp-content\/uploads\/2025\/12\/\u7d39\u4ecb\u75282-3.jpg');\n}\n<\/style>\n","protected":false},"excerpt":{"rendered":"<p>\u62c5\u5f53\u90e8\u7f72 \u62c5\u5f53\u8005 \u304a\u554f\u3044\u5408\u308f\u305b\u5185\u5bb9 \u9023\u7d61\u5148\uff08TEL\uff09 \u7dcf\u52d9\u90e8 \u4f50\u85e4 \u7dcf\u5408\u7684\u306a\u304a\u554f\u3044\u5408\u308f\u305b\u5148 058-374-9001 \u7dcf\u52d9G \u5ca1\u7530 \u4eba\u4e8b\u30fb\u63a1\u7528\u306b\u95a2\u3059\u308b\u304a\u554f\u5408\u305b\u5148 058-374-9001 \u3010\u6ce8\u610f\u4e8b\u9805\u3011<\/p>\n","protected":false},"author":1,"featured_media":0,"parent":0,"menu_order":0,"comment_status":"closed","ping_status":"closed","template":"","meta":{"footnotes":""},"class_list":["post-1062","page","type-page","status-publish","hentry"],"_links":{"self":[{"href":"https:\/\/www.hozumi-kato.co.jp\/index.php?rest_route=\/wp\/v2\/pages\/1062","targetHints":{"allow":["GET"]}}],"collection":[{"href":"https:\/\/www.hozumi-kato.co.jp\/index.php?rest_route=\/wp\/v2\/pages"}],"about":[{"href":"https:\/\/www.hozumi-kato.co.jp\/index.php?rest_route=\/wp\/v2\/types\/page"}],"author":[{"embeddable":true,"href":"https:\/\/www.hozumi-kato.co.jp\/index.php?rest_route=\/wp\/v2\/users\/1"}],"replies":[{"embeddable":true,"href":"https:\/\/www.hozumi-kato.co.jp\/index.php?rest_route=%2Fwp%2Fv2%2Fcomments&post=1062"}],"version-history":[{"count":33,"href":"https:\/\/www.hozumi-kato.co.jp\/index.php?rest_route=\/wp\/v2\/pages\/1062\/revisions"}],"predecessor-version":[{"id":3535,"href":"https:\/\/www.hozumi-kato.co.jp\/index.php?rest_route=\/wp\/v2\/pages\/1062\/revisions\/3535"}],"wp:attachment":[{"href":"https:\/\/www.hozumi-kato.co.jp\/index.php?rest_route=%2Fwp%2Fv2%2Fmedia&parent=1062"}],"curies":[{"name":"wp","href":"https:\/\/api.w.org\/{rel}","templated":true}]}}